{"id":6581,"date":"2024-04-10T12:28:04","date_gmt":"2024-04-10T16:28:04","guid":{"rendered":"https:\/\/boulevardlexus.com\/a-propos\/"},"modified":"2024-08-20T14:56:49","modified_gmt":"2024-08-20T18:56:49","slug":"historic","status":"publish","type":"page","link":"https:\/\/boulevardlexus.com\/en\/historic\/","title":{"rendered":"Historic"},"content":{"rendered":"\n<section class=\"section\">\n\n  <div class=\"block block-breadcrumb\">\n      <div class=\"breadcrumb\">\n\n  \n    <p><!-- Breadcrumb NavXT 7.5.0 -->\n<span property=\"itemListElement\" typeof=\"ListItem\"><a property=\"item\" typeof=\"WebPage\" title=\"Go to Home.\" href=\"https:\/\/boulevardlexus.com\/en\/\" class=\"home\"><span property=\"name\">Accueil<\/span><\/a><meta property=\"position\" content=\"1\"><\/span><span class=\"separator\">\/<\/span><span property=\"itemListElement\" typeof=\"ListItem\"><a property=\"item\" typeof=\"WebPage\" title=\"Go to Blog.\" href=\"https:\/\/boulevardlexus.com\/en\/blog\/\" class=\"post-root post post-post\"><span property=\"name\">Blog<\/span><\/a><meta property=\"position\" content=\"2\"><\/span><\/p>\n\n  \n<\/div>  <\/div>\n\n<\/section>\n\n\n\n  \n  <section style=\"background-color:#1f2121;  --color-section-style:#ffffff\" id=\"block_2c8c963dab00d5070491f63c31b5d14a\" class=\"section bg-cover bg-vcenter bg-hcenter style-dark  parent-banner\" >\n\n          <picture class=\"section-background bg-vcenter\">\n        <source media=\"(min-width:1536px)\" srcset=\"https:\/\/boulevardlexus.com\/app\/uploads\/2024\/04\/azd-207-web.jpg\">\n        <source media=\"(min-width:1024px)\" srcset=\"https:\/\/boulevardlexus.com\/app\/uploads\/2024\/04\/azd-207-web.jpg\">\n        <source media=\"(min-width:768px)\" srcset=\"https:\/\/boulevardlexus.com\/app\/uploads\/2024\/04\/azd-207-web-1024x683.jpg\">\n        <img decoding=\"async\" src=\"https:\/\/boulevardlexus.com\/app\/uploads\/2024\/04\/azd-207-web-768x512.jpg\" alt=\"\">\n      <\/picture>\n    \n          <div class=\"smooth-scroll-background-adapter\" style=\"background: #1f2121;\"><\/div>\n    \n    <style type=\"text\/css\">\n\n\n      \n        \/* ***** Padding-top desktop ***** *\/\n                  #block_2c8c963dab00d5070491f63c31b5d14a {\n            padding-top: calc(calc(calc(100vw - 80vh) * 40) \/ 903.2);\n          }\n        \n        \/* ***** Padding-bottom desktop ***** *\/\n        #block_2c8c963dab00d5070491f63c31b5d14a {\n          padding-bottom: calc(calc(calc(100vw - 80vh) * 40) \/ 903.2);\n        }\n\n      \n      @media (min-width: 1920px) {\n\n        \/* ***** Padding-top desktop large ***** *\/\n                  #block_2c8c963dab00d5070491f63c31b5d14a {\n            padding-top: 40px;\n          }\n        \n        \/* ***** Padding-bottom desktop ***** *\/\n        #block_2c8c963dab00d5070491f63c31b5d14a {\n          padding-bottom: 40px;\n        }\n\n      }\n\n      :root {\n        --color-section-style: #ffffff;\n      }\n\n    <\/style>\n\n    <div class=\"block block-banner\">\n      \n<div class=\"container position-relative z-1\">\n\n  <div class=\"banner w-100 content_banner full-height d-flex flex-column justify-content-end\">\n\n    <div class=\"banner-content w-100\">\n\n              <h1 class=\"style-font-secondary style-font-25-16 fw-light text-uppercase ls-2\">Our History<\/h1>\n      \n      <div class=\"slide-link d-flex justify-content-center align-items-center w-100\">\n\n        <span class=\"d-flex justify-content-center align-items-center bounce\">\n          <svg xmlns=\"http:\/\/www.w3.org\/2000\/svg\" width=\"42\" height=\"42\" viewBox=\"0 0 42 42\">\n            <g id=\"Groupe_15772\" data-name=\"Groupe 15772\" transform=\"translate(-934.404 -964.404)\">\n              <g id=\"Ellipse_6\" data-name=\"Ellipse 6\" transform=\"translate(934.404 964.404)\" fill=\"none\" stroke=\"#fff\" stroke-width=\"1\">\n                <circle cx=\"21\" cy=\"21\" r=\"21\" stroke=\"none\"\/>\n                <circle cx=\"21\" cy=\"21\" r=\"20.5\" fill=\"none\"\/>\n              <\/g>\n              <path id=\"Trac\u00e9_13873\" data-name=\"Trac\u00e9 13873\" d=\"M8.8,0V8.8H0v1.9H10.7V0Z\" transform=\"translate(955.521 976.114) rotate(45)\" fill=\"#fff\"\/>\n            <\/g>\n          <\/svg>\n        <\/span>\n\n      <\/div>\n\n    <\/div>\n\n  <\/div>\n\n\n<\/div>\n\n\n<div class=\"gradient-banner position-absolute w-100 h-100\" style=\"background-image: linear-gradient(0deg, #1f2121 10%, rgba(0, 0, 0, 0) 80%);\"><\/div>    <\/div>\n\n  <\/section>\n\n\n\n\n  \n  <section style=\"background-color:#1f2121;  --color-section-style:#ffffff\" id=\"block_96eb935392f541208430d3a389fdc829\" class=\"section bg-cover bg-vcenter bg-hcenter style-dark  parent-card\" >\n\n    \n          <div class=\"smooth-scroll-background-adapter\" style=\"background: #1f2121;\"><\/div>\n    \n    <style type=\"text\/css\">\n\n\n      \n        \/* ***** Padding-top desktop ***** *\/\n                  #block_96eb935392f541208430d3a389fdc829 {\n            padding-top: calc(calc(calc(100vw - 80vh) * 40) \/ 903.2);\n          }\n        \n        \/* ***** Padding-bottom desktop ***** *\/\n        #block_96eb935392f541208430d3a389fdc829 {\n          padding-bottom: calc(calc(calc(100vw - 80vh) * 0) \/ 903.2);\n        }\n\n      \n      @media (min-width: 1920px) {\n\n        \/* ***** Padding-top desktop large ***** *\/\n                  #block_96eb935392f541208430d3a389fdc829 {\n            padding-top: 40px;\n          }\n        \n        \/* ***** Padding-bottom desktop ***** *\/\n        #block_96eb935392f541208430d3a389fdc829 {\n          padding-bottom: 0px;\n        }\n\n      }\n\n      :root {\n        --color-section-style: #ffffff;\n      }\n\n    <\/style>\n\n    <div class=\"block block-card\">\n      \n<div class=\"container\">\n\n  <div class=\"card-holder\">\n\n    \n    <div class=\"inner-content\">\n\n      <div class=\"title-holder\">\n\n                  <h2 class=\"style-font-secondary style-h6 fw-semibold text-uppercase mb-2\">A Story of Excellence<\/h2>\n        \n        \n      <\/div>\n\n              <div class=\"trunc-content\">\n\n          <div class=\"content-text fw-normal\">\n            <p>Owned by the Toyotoshi family since 2010, Boulevard Lexus is the benchmark for Lexus services and products in Quebec City. Every year, we help thousands of customers find the right Lexus vehicle for their needs or to service their current Lexus. At Boulevard Lexus, we will be happy to help you ensure the reliability and durability of your Lexus, find the right Lexus certified model at a competitive price, or purchase a brand new Lexus vehicle.<\/p>\n<p>We have a large selection of new Lexus vehicles to offer, as well as a complete inventory of certified pre-owned Lexus vehicles. These vehicles are also entitled to an extended warranty and several other benefits. For a new Lexus UX, Lexus IS, Lexus ES, or Lexus RX, your number one destination in Quebec City is Boulevard Lexus.<\/p>\n<p>We are also your number one destination for the maintenance of your Lexus car or for genuine parts and accessories. We have competitive financing and leasing offers to round off our entire range of services. Trust Boulevard Lexus in Quebec today!<\/p>\n          <\/div>\n\n        <\/div>\n      \n      \n    <\/div>\n\n  <\/div>\n\n<\/div>\n    <\/div>\n\n  <\/section>\n\n\n\n\n  \n  <section style=\"background-color:#1f2121;  --color-section-style:#ffffff\" id=\"block_330ae025ecb1914c46f7d4353c2c327f\" class=\"section bg-cover bg-vcenter bg-hcenter style-dark  parent-bloc-image-texte\" >\n\n    \n          <div class=\"smooth-scroll-background-adapter\" style=\"background: #1f2121;\"><\/div>\n    \n    <style type=\"text\/css\">\n\n\n      \n        \/* ***** Padding-top desktop ***** *\/\n                  #block_330ae025ecb1914c46f7d4353c2c327f {\n            padding-top: calc(calc(calc(100vw - 80vh) * 40) \/ 903.2);\n          }\n        \n        \/* ***** Padding-bottom desktop ***** *\/\n        #block_330ae025ecb1914c46f7d4353c2c327f {\n          padding-bottom: calc(calc(calc(100vw - 80vh) * 40) \/ 903.2);\n        }\n\n      \n      @media (min-width: 1920px) {\n\n        \/* ***** Padding-top desktop large ***** *\/\n                  #block_330ae025ecb1914c46f7d4353c2c327f {\n            padding-top: 40px;\n          }\n        \n        \/* ***** Padding-bottom desktop ***** *\/\n        #block_330ae025ecb1914c46f7d4353c2c327f {\n          padding-bottom: 40px;\n        }\n\n      }\n\n      :root {\n        --color-section-style: #ffffff;\n      }\n\n    <\/style>\n\n    <div class=\"block block-bloc-image-texte\">\n      \n<div class=\"container\">\n\n  \n  <div class=\"row align-items-center fixed-width anim-section px-md-5 px-lg-0\">\n\n          <div class=\"col-block-image-text col-img\">\n        <div class=\"img-holder border-radius position-relative ratio-four-tree d-flex align-items-center h-100 w-100\">\n\n          <div class=\"background-image position-absolute w-100 h-100 bg-img-container\"><img decoding=\"async\"  src=\"https:\/\/boulevardlexus.com\/app\/uploads\/2024\/07\/lexus-entretien-1024x576.webp\" loading=\"lazy\" class=\"lazy\" alt=\"lexus-entretien\" data-src=\"https:\/\/boulevardlexus.com\/app\/uploads\/2024\/07\/lexus-entretien-1024x576.webp\" data-srcset=\"https:\/\/boulevardlexus.com\/app\/uploads\/2024\/07\/lexus-entretien-1024x576.webp 1920w\" style=\"height: 100%; width: 100%; object-fit: cover;\"><\/div>\n        <\/div>\n      <\/div>\n    \n    <div class=\"col-block-image-text col-text\">\n\n      <div class=\"content-text-holder mt-4 mt-md-0\">\n\n          <div class=\"header-text position-relative\">\n            <h3 class=\"style-font-18-16 fw-bold style-font-secondary fade-elem-in-batch\">A Range of Personalized Services<\/h3>\n          <\/div>\n\n          <div class=\"bloc-text content-text style-font-16-14 fade-elem-in-batch \">\n            <p>Our skilled team is available to support you with any inquiries you may have. Whether you&#8217;re seeking financing advice, deciding between models, considering new versus used options, or looking to give your vehicle a makeover, we&#8217;re here to assist you every step of the way. Our dedicated staff members are committed to taking the time to address all of your questions and concerns.<\/p>\n          <\/div>\n\n      <\/div>\n\n    <\/div>\n\n  <\/div>\n\n  \n<\/div>    <\/div>\n\n  <\/section>\n","protected":false},"excerpt":{"rendered":"","protected":false},"author":1,"featured_media":0,"parent":0,"menu_order":3,"comment_status":"closed","ping_status":"closed","template":"","meta":{"_acf_changed":false,"_relevanssi_hide_post":"","_relevanssi_hide_content":"","_relevanssi_pin_for_all":"","_relevanssi_pin_keywords":"","_relevanssi_unpin_keywords":"","_relevanssi_related_keywords":"","_relevanssi_related_include_ids":"","_relevanssi_related_exclude_ids":"","_relevanssi_related_no_append":"","_relevanssi_related_not_related":"","_relevanssi_related_posts":"","_relevanssi_noindex_reason":"","footnotes":""},"class_list":["post-6581","page","type-page","status-publish","hentry"],"acf":[],"yoast_head":"<!-- This site is optimized with the Yoast SEO plugin v24.5 - https:\/\/yoast.com\/wordpress\/plugins\/seo\/ -->\n<title>About Us - Our History - Boulevard Lexus<\/title>\n<meta name=\"robots\" content=\"index, follow, max-snippet:-1, max-image-preview:large, max-video-preview:-1\" \/>\n<link rel=\"canonical\" href=\"https:\/\/boulevardlexus.com\/en\/historic\/\" \/>\n<meta property=\"og:locale\" content=\"en_US\" \/>\n<meta property=\"og:type\" content=\"article\" \/>\n<meta property=\"og:title\" content=\"About Us - Our History - Boulevard Lexus\" \/>\n<meta property=\"og:url\" content=\"https:\/\/boulevardlexus.com\/en\/historic\/\" \/>\n<meta property=\"og:site_name\" content=\"Boulevard Lexus\" \/>\n<meta property=\"article:publisher\" content=\"https:\/\/www.facebook.com\/boulevardlexus\" \/>\n<meta property=\"article:modified_time\" content=\"2024-08-20T18:56:49+00:00\" \/>\n<meta property=\"og:image\" content=\"https:\/\/boulevardlexus.com\/app\/uploads\/2024\/08\/image-1.png\" \/>\n\t<meta property=\"og:image:width\" content=\"1200\" \/>\n\t<meta property=\"og:image:height\" content=\"630\" \/>\n\t<meta property=\"og:image:type\" content=\"image\/png\" \/>\n<meta name=\"twitter:card\" content=\"summary_large_image\" \/>\n<script type=\"application\/ld+json\" class=\"yoast-schema-graph\">{\"@context\":\"https:\/\/schema.org\",\"@graph\":[{\"@type\":\"WebPage\",\"@id\":\"https:\/\/boulevardlexus.com\/en\/historic\/\",\"url\":\"https:\/\/boulevardlexus.com\/en\/historic\/\",\"name\":\"About Us - Our History - Boulevard Lexus\",\"isPartOf\":{\"@id\":\"https:\/\/boulevardlexus.com\/en\/#website\"},\"datePublished\":\"2024-04-10T16:28:04+00:00\",\"dateModified\":\"2024-08-20T18:56:49+00:00\",\"breadcrumb\":{\"@id\":\"https:\/\/boulevardlexus.com\/en\/historic\/#breadcrumb\"},\"inLanguage\":\"en-CA\",\"potentialAction\":[{\"@type\":\"ReadAction\",\"target\":[\"https:\/\/boulevardlexus.com\/en\/historic\/\"]}]},{\"@type\":\"BreadcrumbList\",\"@id\":\"https:\/\/boulevardlexus.com\/en\/historic\/#breadcrumb\",\"itemListElement\":[{\"@type\":\"ListItem\",\"position\":1,\"name\":\"Home\",\"item\":\"https:\/\/boulevardlexus.com\/en\/\"},{\"@type\":\"ListItem\",\"position\":2,\"name\":\"Historic\"}]},{\"@type\":\"WebSite\",\"@id\":\"https:\/\/boulevardlexus.com\/en\/#website\",\"url\":\"https:\/\/boulevardlexus.com\/en\/\",\"name\":\"Boulevard Lexus\",\"description\":\"Bienvenue chez Boulevard Lexus, le concessionnaire de v\u00e9hicules Lexus \u00e0 Qu\u00e9bec.\",\"publisher\":{\"@id\":\"https:\/\/boulevardlexus.com\/en\/#organization\"},\"potentialAction\":[{\"@type\":\"SearchAction\",\"target\":{\"@type\":\"EntryPoint\",\"urlTemplate\":\"https:\/\/boulevardlexus.com\/en\/?s={search_term_string}\"},\"query-input\":{\"@type\":\"PropertyValueSpecification\",\"valueRequired\":true,\"valueName\":\"search_term_string\"}}],\"inLanguage\":\"en-CA\"},{\"@type\":\"Organization\",\"@id\":\"https:\/\/boulevardlexus.com\/en\/#organization\",\"name\":\"Boulevard Lexus\",\"url\":\"https:\/\/boulevardlexus.com\/en\/\",\"logo\":{\"@type\":\"ImageObject\",\"inLanguage\":\"en-CA\",\"@id\":\"https:\/\/boulevardlexus.com\/en\/#\/schema\/logo\/image\/\",\"url\":\"https:\/\/boulevardlexus.com\/app\/uploads\/2024\/04\/logo-certified-lexus-fr-1.png\",\"contentUrl\":\"https:\/\/boulevardlexus.com\/app\/uploads\/2024\/04\/logo-certified-lexus-fr-1.png\",\"width\":1942,\"height\":218,\"caption\":\"Boulevard Lexus\"},\"image\":{\"@id\":\"https:\/\/boulevardlexus.com\/en\/#\/schema\/logo\/image\/\"},\"sameAs\":[\"https:\/\/www.facebook.com\/boulevardlexus\"]}]}<\/script>\n<!-- \/ Yoast SEO plugin. -->","yoast_head_json":{"title":"About Us - Our History - Boulevard Lexus","robots":{"index":"index","follow":"follow","max-snippet":"max-snippet:-1","max-image-preview":"max-image-preview:large","max-video-preview":"max-video-preview:-1"},"canonical":"https:\/\/boulevardlexus.com\/en\/historic\/","og_locale":"en_US","og_type":"article","og_title":"About Us - Our History - Boulevard Lexus","og_url":"https:\/\/boulevardlexus.com\/en\/historic\/","og_site_name":"Boulevard Lexus","article_publisher":"https:\/\/www.facebook.com\/boulevardlexus","article_modified_time":"2024-08-20T18:56:49+00:00","og_image":[{"width":1200,"height":630,"url":"https:\/\/boulevardlexus.com\/app\/uploads\/2024\/08\/image-1.png","type":"image\/png"}],"twitter_card":"summary_large_image","schema":{"@context":"https:\/\/schema.org","@graph":[{"@type":"WebPage","@id":"https:\/\/boulevardlexus.com\/en\/historic\/","url":"https:\/\/boulevardlexus.com\/en\/historic\/","name":"About Us - Our History - Boulevard Lexus","isPartOf":{"@id":"https:\/\/boulevardlexus.com\/en\/#website"},"datePublished":"2024-04-10T16:28:04+00:00","dateModified":"2024-08-20T18:56:49+00:00","breadcrumb":{"@id":"https:\/\/boulevardlexus.com\/en\/historic\/#breadcrumb"},"inLanguage":"en-CA","potentialAction":[{"@type":"ReadAction","target":["https:\/\/boulevardlexus.com\/en\/historic\/"]}]},{"@type":"BreadcrumbList","@id":"https:\/\/boulevardlexus.com\/en\/historic\/#breadcrumb","itemListElement":[{"@type":"ListItem","position":1,"name":"Home","item":"https:\/\/boulevardlexus.com\/en\/"},{"@type":"ListItem","position":2,"name":"Historic"}]},{"@type":"WebSite","@id":"https:\/\/boulevardlexus.com\/en\/#website","url":"https:\/\/boulevardlexus.com\/en\/","name":"Boulevard Lexus","description":"Bienvenue chez Boulevard Lexus, le concessionnaire de v\u00e9hicules Lexus \u00e0 Qu\u00e9bec.","publisher":{"@id":"https:\/\/boulevardlexus.com\/en\/#organization"},"potentialAction":[{"@type":"SearchAction","target":{"@type":"EntryPoint","urlTemplate":"https:\/\/boulevardlexus.com\/en\/?s={search_term_string}"},"query-input":{"@type":"PropertyValueSpecification","valueRequired":true,"valueName":"search_term_string"}}],"inLanguage":"en-CA"},{"@type":"Organization","@id":"https:\/\/boulevardlexus.com\/en\/#organization","name":"Boulevard Lexus","url":"https:\/\/boulevardlexus.com\/en\/","logo":{"@type":"ImageObject","inLanguage":"en-CA","@id":"https:\/\/boulevardlexus.com\/en\/#\/schema\/logo\/image\/","url":"https:\/\/boulevardlexus.com\/app\/uploads\/2024\/04\/logo-certified-lexus-fr-1.png","contentUrl":"https:\/\/boulevardlexus.com\/app\/uploads\/2024\/04\/logo-certified-lexus-fr-1.png","width":1942,"height":218,"caption":"Boulevard Lexus"},"image":{"@id":"https:\/\/boulevardlexus.com\/en\/#\/schema\/logo\/image\/"},"sameAs":["https:\/\/www.facebook.com\/boulevardlexus"]}]}},"_links":{"self":[{"href":"https:\/\/boulevardlexus.com\/en\/wp-json\/wp\/v2\/pages\/6581","targetHints":{"allow":["GET"]}}],"collection":[{"href":"https:\/\/boulevardlexus.com\/en\/wp-json\/wp\/v2\/pages"}],"about":[{"href":"https:\/\/boulevardlexus.com\/en\/wp-json\/wp\/v2\/types\/page"}],"author":[{"embeddable":true,"href":"https:\/\/boulevardlexus.com\/en\/wp-json\/wp\/v2\/users\/1"}],"replies":[{"embeddable":true,"href":"https:\/\/boulevardlexus.com\/en\/wp-json\/wp\/v2\/comments?post=6581"}],"version-history":[{"count":0,"href":"https:\/\/boulevardlexus.com\/en\/wp-json\/wp\/v2\/pages\/6581\/revisions"}],"wp:attachment":[{"href":"https:\/\/boulevardlexus.com\/en\/wp-json\/wp\/v2\/media?parent=6581"}],"curies":[{"name":"wp","href":"https:\/\/api.w.org\/{rel}","templated":true}]}}