{"id":6506,"date":"2024-03-21T10:56:38","date_gmt":"2024-03-21T14:56:38","guid":{"rendered":"https:\/\/boulevardlexus.com\/promotions\/esthetique-automobile\/"},"modified":"2024-08-20T13:50:36","modified_gmt":"2024-08-20T17:50:36","slug":"car-detailing","status":"publish","type":"page","link":"https:\/\/boulevardlexus.com\/en\/promotions\/car-detailing\/","title":{"rendered":"Car Detailing"},"content":{"rendered":"\n\n  \n  <section style=\"background-color:#1f2121;  --color-section-style:#000000\" id=\"block_c9edb3b86073ffe837e171a9fe33268e\" class=\"section bg-cover bg-vcenter bg-hcenter style-default  parent-banner\" >\n\n          <picture class=\"section-background bg-vcenter\">\n        <source media=\"(min-width:1536px)\" srcset=\"https:\/\/boulevardlexus.com\/app\/uploads\/2024\/02\/detailing-2048x1365.jpg\">\n        <source media=\"(min-width:1024px)\" srcset=\"https:\/\/boulevardlexus.com\/app\/uploads\/2024\/02\/detailing-1536x1024.jpg\">\n        <source media=\"(min-width:768px)\" srcset=\"https:\/\/boulevardlexus.com\/app\/uploads\/2024\/02\/detailing-1024x683.jpg\">\n        <img decoding=\"async\" src=\"https:\/\/boulevardlexus.com\/app\/uploads\/2024\/02\/detailing-768x512.jpg\" alt=\"\">\n      <\/picture>\n    \n          <div class=\"smooth-scroll-background-adapter\" style=\"background: #1f2121;\"><\/div>\n    \n    <style type=\"text\/css\">\n\n\n      \n        \/* ***** Padding-top desktop ***** *\/\n                  #block_c9edb3b86073ffe837e171a9fe33268e {\n            padding-top: calc(calc(calc(100vw - 80vh) * 40) \/ 903.2);\n          }\n        \n        \/* ***** Padding-bottom desktop ***** *\/\n        #block_c9edb3b86073ffe837e171a9fe33268e {\n          padding-bottom: calc(calc(calc(100vw - 80vh) * 40) \/ 903.2);\n        }\n\n      \n      @media (min-width: 1920px) {\n\n        \/* ***** Padding-top desktop large ***** *\/\n                  #block_c9edb3b86073ffe837e171a9fe33268e {\n            padding-top: 40px;\n          }\n        \n        \/* ***** Padding-bottom desktop ***** *\/\n        #block_c9edb3b86073ffe837e171a9fe33268e {\n          padding-bottom: 40px;\n        }\n\n      }\n\n      :root {\n        --color-section-style: #000000;\n      }\n\n    <\/style>\n\n    <div class=\"block block-banner\">\n      \n<div class=\"container position-relative z-1\">\n\n  <div class=\"banner w-100 content_banner two-third-height d-flex flex-column justify-content-end\">\n\n    <div class=\"banner-content w-100\">\n\n              <h1 class=\"style-font-secondary style-font-25-16 fw-light text-uppercase ls-2\">Offers in the detailing department<\/h1>\n      \n      <div class=\"slide-link d-flex justify-content-center align-items-center w-100\">\n\n        <span class=\"d-flex justify-content-center align-items-center bounce\">\n          <svg xmlns=\"http:\/\/www.w3.org\/2000\/svg\" width=\"42\" height=\"42\" viewBox=\"0 0 42 42\">\n            <g id=\"Groupe_15772\" data-name=\"Groupe 15772\" transform=\"translate(-934.404 -964.404)\">\n              <g id=\"Ellipse_6\" data-name=\"Ellipse 6\" transform=\"translate(934.404 964.404)\" fill=\"none\" stroke=\"#fff\" stroke-width=\"1\">\n                <circle cx=\"21\" cy=\"21\" r=\"21\" stroke=\"none\"\/>\n                <circle cx=\"21\" cy=\"21\" r=\"20.5\" fill=\"none\"\/>\n              <\/g>\n              <path id=\"Trac\u00e9_13873\" data-name=\"Trac\u00e9 13873\" d=\"M8.8,0V8.8H0v1.9H10.7V0Z\" transform=\"translate(955.521 976.114) rotate(45)\" fill=\"#fff\"\/>\n            <\/g>\n          <\/svg>\n        <\/span>\n\n      <\/div>\n\n    <\/div>\n\n  <\/div>\n\n\n<\/div>\n\n\n<div class=\"gradient-banner position-absolute w-100 h-100\" style=\"background-image: linear-gradient(0deg, #1f2121 10%, rgba(0, 0, 0, 0) 80%);\"><\/div>    <\/div>\n\n  <\/section>\n\n\n\n\n  \n  <section style=\"background-color:#1f2121;  --color-section-style:#ffffff\" id=\"block_fad74d389bb487bf636c181d33c1b90c\" class=\"section bg-cover bg-vcenter bg-hcenter style-dark  parent-heading\" >\n\n    \n          <div class=\"smooth-scroll-background-adapter\" style=\"background: #1f2121;\"><\/div>\n    \n    <style type=\"text\/css\">\n\n\n      \n        \/* ***** Padding-top desktop ***** *\/\n                  #block_fad74d389bb487bf636c181d33c1b90c {\n            padding-top: calc(calc(calc(100vw - 80vh) * 40) \/ 903.2);\n          }\n        \n        \/* ***** Padding-bottom desktop ***** *\/\n        #block_fad74d389bb487bf636c181d33c1b90c {\n          padding-bottom: calc(calc(calc(100vw - 80vh) * 40) \/ 903.2);\n        }\n\n      \n      @media (min-width: 1920px) {\n\n        \/* ***** Padding-top desktop large ***** *\/\n                  #block_fad74d389bb487bf636c181d33c1b90c {\n            padding-top: 40px;\n          }\n        \n        \/* ***** Padding-bottom desktop ***** *\/\n        #block_fad74d389bb487bf636c181d33c1b90c {\n          padding-bottom: 40px;\n        }\n\n      }\n\n      :root {\n        --color-section-style: #ffffff;\n      }\n\n    <\/style>\n\n    <div class=\"block block-heading\">\n      \n<div class=\"container\">\n\n  \n  <div class=\"text-holder block-custom-width text-start\">\n              <h3 class=\"style-font-secondary style-font-14-12 ls-2 mt-3 text-uppercase\">Special deals on our automotive detailing services.<\/h3>\n      <\/div>\n\n      <div class=\"separator bottom w-100\"><\/div>\n  \n<\/div>    <\/div>\n\n  <\/section>\n\n\n\n\n  \n  <section style=\"background-color:#1b1a1b;  --color-section-style:#ffffff\" id=\"block_52cafc0167f92c89ab3fcb21470087eb\" class=\"section bg-cover bg-vcenter bg-hcenter style-dark  parent-bloc-image-texte\" >\n\n    \n          <div class=\"smooth-scroll-background-adapter\" style=\"background: #1b1a1b;\"><\/div>\n    \n    <style type=\"text\/css\">\n\n\n      \n        \/* ***** Padding-top desktop ***** *\/\n                  #block_52cafc0167f92c89ab3fcb21470087eb {\n            padding-top: calc(calc(calc(100vw - 80vh) * 40) \/ 903.2);\n          }\n        \n        \/* ***** Padding-bottom desktop ***** *\/\n        #block_52cafc0167f92c89ab3fcb21470087eb {\n          padding-bottom: calc(calc(calc(100vw - 80vh) * 40) \/ 903.2);\n        }\n\n      \n      @media (min-width: 1920px) {\n\n        \/* ***** Padding-top desktop large ***** *\/\n                  #block_52cafc0167f92c89ab3fcb21470087eb {\n            padding-top: 40px;\n          }\n        \n        \/* ***** Padding-bottom desktop ***** *\/\n        #block_52cafc0167f92c89ab3fcb21470087eb {\n          padding-bottom: 40px;\n        }\n\n      }\n\n      :root {\n        --color-section-style: #ffffff;\n      }\n\n    <\/style>\n\n    <div class=\"block block-bloc-image-texte\">\n      \n<div class=\"container\">\n\n  \n  <div class=\"row align-items-center fixed-width anim-section px-md-5 px-lg-0\">\n\n          <div class=\"col-block-image-text col-img\">\n        <div class=\"img-holder border-radius position-relative ratio-auto d-flex align-items-center h-100 w-100\">\n\n          <div class=\"position-relative img-container\"><img decoding=\"async\" style=\"max-width:100%;\" src=\"https:\/\/boulevardlexus.com\/app\/uploads\/2024\/03\/detailing-1-1024x683.jpg\" alt=\"detailing\" class=\"lazy\" width=\"2560\"  height=\"1707\" loading=\"lazy\"  data-src=\"https:\/\/boulevardlexus.com\/app\/uploads\/2024\/03\/detailing-1-1024x683.jpg\"  data-srcset=\"https:\/\/boulevardlexus.com\/app\/uploads\/2024\/03\/detailing-1-1024x683.jpg 1920w\"><\/div>\n        <\/div>\n      <\/div>\n    \n    <div class=\"col-block-image-text col-text\">\n\n      <div class=\"content-text-holder mt-4 mt-md-0\">\n\n          <div class=\"header-text position-relative\">\n            <h3 class=\"style-font-18-16 fw-bold style-font-secondary fade-elem-in-batch\">Protect your vehicle from the elements<\/h3>\n          <\/div>\n\n          <div class=\"bloc-text content-text style-font-16-14 fade-elem-in-batch \">\n            <p>Our team of experts leaves no detail overlooked when it comes to aesthetics.<\/p>\n<p>Turn heads with our packages.<\/p>\n<p>*Taxes not included.<\/p>\n<p>&nbsp;<\/p>\n<p><span style=\"text-decoration: underline;\"><a href=\"https:\/\/boulevardlexus.com\/en\/services\/car-detailing\/\">Book your appointment<\/a><\/span><\/p>\n          <\/div>\n\n      <\/div>\n\n    <\/div>\n\n  <\/div>\n\n  \n<\/div>    <\/div>\n\n  <\/section>\n","protected":false},"excerpt":{"rendered":"","protected":false},"author":1,"featured_media":0,"parent":6495,"menu_order":10,"comment_status":"closed","ping_status":"closed","template":"","meta":{"_acf_changed":false,"_relevanssi_hide_post":"","_relevanssi_hide_content":"","_relevanssi_pin_for_all":"","_relevanssi_pin_keywords":"","_relevanssi_unpin_keywords":"","_relevanssi_related_keywords":"","_relevanssi_related_include_ids":"","_relevanssi_related_exclude_ids":"","_relevanssi_related_no_append":"","_relevanssi_related_not_related":"","_relevanssi_related_posts":"","_relevanssi_noindex_reason":"","footnotes":""},"class_list":["post-6506","page","type-page","status-publish","hentry"],"acf":[],"yoast_head":"<!-- This site is optimized with the Yoast SEO plugin v24.5 - https:\/\/yoast.com\/wordpress\/plugins\/seo\/ -->\n<title>Car Detailing Promotions - Boulevard Lexus<\/title>\n<meta name=\"robots\" content=\"index, follow, max-snippet:-1, max-image-preview:large, max-video-preview:-1\" \/>\n<link rel=\"canonical\" href=\"https:\/\/boulevardlexus.com\/en\/promotions\/car-detailing\/\" \/>\n<meta property=\"og:locale\" content=\"en_US\" \/>\n<meta property=\"og:type\" content=\"article\" \/>\n<meta property=\"og:title\" content=\"Car Detailing Promotions - Boulevard Lexus\" \/>\n<meta property=\"og:url\" content=\"https:\/\/boulevardlexus.com\/en\/promotions\/car-detailing\/\" \/>\n<meta property=\"og:site_name\" content=\"Boulevard Lexus\" \/>\n<meta property=\"article:publisher\" content=\"https:\/\/www.facebook.com\/boulevardlexus\" \/>\n<meta property=\"article:modified_time\" content=\"2024-08-20T17:50:36+00:00\" \/>\n<meta property=\"og:image\" content=\"https:\/\/boulevardlexus.com\/app\/uploads\/2024\/08\/image-1.png\" \/>\n\t<meta property=\"og:image:width\" content=\"1200\" \/>\n\t<meta property=\"og:image:height\" content=\"630\" \/>\n\t<meta property=\"og:image:type\" content=\"image\/png\" \/>\n<meta name=\"twitter:card\" content=\"summary_large_image\" \/>\n<script type=\"application\/ld+json\" class=\"yoast-schema-graph\">{\"@context\":\"https:\/\/schema.org\",\"@graph\":[{\"@type\":\"WebPage\",\"@id\":\"https:\/\/boulevardlexus.com\/en\/promotions\/car-detailing\/\",\"url\":\"https:\/\/boulevardlexus.com\/en\/promotions\/car-detailing\/\",\"name\":\"Car Detailing Promotions - Boulevard Lexus\",\"isPartOf\":{\"@id\":\"https:\/\/boulevardlexus.com\/en\/#website\"},\"datePublished\":\"2024-03-21T14:56:38+00:00\",\"dateModified\":\"2024-08-20T17:50:36+00:00\",\"breadcrumb\":{\"@id\":\"https:\/\/boulevardlexus.com\/en\/promotions\/car-detailing\/#breadcrumb\"},\"inLanguage\":\"en-CA\",\"potentialAction\":[{\"@type\":\"ReadAction\",\"target\":[\"https:\/\/boulevardlexus.com\/en\/promotions\/car-detailing\/\"]}]},{\"@type\":\"BreadcrumbList\",\"@id\":\"https:\/\/boulevardlexus.com\/en\/promotions\/car-detailing\/#breadcrumb\",\"itemListElement\":[{\"@type\":\"ListItem\",\"position\":1,\"name\":\"Home\",\"item\":\"https:\/\/boulevardlexus.com\/en\/\"},{\"@type\":\"ListItem\",\"position\":2,\"name\":\"Promotions\",\"item\":\"https:\/\/boulevardlexus.com\/en\/promotions\/\"},{\"@type\":\"ListItem\",\"position\":3,\"name\":\"Car Detailing\"}]},{\"@type\":\"WebSite\",\"@id\":\"https:\/\/boulevardlexus.com\/en\/#website\",\"url\":\"https:\/\/boulevardlexus.com\/en\/\",\"name\":\"Boulevard Lexus\",\"description\":\"Bienvenue chez Boulevard Lexus, le concessionnaire de v\u00e9hicules Lexus \u00e0 Qu\u00e9bec.\",\"publisher\":{\"@id\":\"https:\/\/boulevardlexus.com\/en\/#organization\"},\"potentialAction\":[{\"@type\":\"SearchAction\",\"target\":{\"@type\":\"EntryPoint\",\"urlTemplate\":\"https:\/\/boulevardlexus.com\/en\/?s={search_term_string}\"},\"query-input\":{\"@type\":\"PropertyValueSpecification\",\"valueRequired\":true,\"valueName\":\"search_term_string\"}}],\"inLanguage\":\"en-CA\"},{\"@type\":\"Organization\",\"@id\":\"https:\/\/boulevardlexus.com\/en\/#organization\",\"name\":\"Boulevard Lexus\",\"url\":\"https:\/\/boulevardlexus.com\/en\/\",\"logo\":{\"@type\":\"ImageObject\",\"inLanguage\":\"en-CA\",\"@id\":\"https:\/\/boulevardlexus.com\/en\/#\/schema\/logo\/image\/\",\"url\":\"https:\/\/boulevardlexus.com\/app\/uploads\/2024\/04\/logo-certified-lexus-fr-1.png\",\"contentUrl\":\"https:\/\/boulevardlexus.com\/app\/uploads\/2024\/04\/logo-certified-lexus-fr-1.png\",\"width\":1942,\"height\":218,\"caption\":\"Boulevard Lexus\"},\"image\":{\"@id\":\"https:\/\/boulevardlexus.com\/en\/#\/schema\/logo\/image\/\"},\"sameAs\":[\"https:\/\/www.facebook.com\/boulevardlexus\"]}]}<\/script>\n<!-- \/ Yoast SEO plugin. -->","yoast_head_json":{"title":"Car Detailing Promotions - Boulevard Lexus","robots":{"index":"index","follow":"follow","max-snippet":"max-snippet:-1","max-image-preview":"max-image-preview:large","max-video-preview":"max-video-preview:-1"},"canonical":"https:\/\/boulevardlexus.com\/en\/promotions\/car-detailing\/","og_locale":"en_US","og_type":"article","og_title":"Car Detailing Promotions - Boulevard Lexus","og_url":"https:\/\/boulevardlexus.com\/en\/promotions\/car-detailing\/","og_site_name":"Boulevard Lexus","article_publisher":"https:\/\/www.facebook.com\/boulevardlexus","article_modified_time":"2024-08-20T17:50:36+00:00","og_image":[{"width":1200,"height":630,"url":"https:\/\/boulevardlexus.com\/app\/uploads\/2024\/08\/image-1.png","type":"image\/png"}],"twitter_card":"summary_large_image","schema":{"@context":"https:\/\/schema.org","@graph":[{"@type":"WebPage","@id":"https:\/\/boulevardlexus.com\/en\/promotions\/car-detailing\/","url":"https:\/\/boulevardlexus.com\/en\/promotions\/car-detailing\/","name":"Car Detailing Promotions - Boulevard Lexus","isPartOf":{"@id":"https:\/\/boulevardlexus.com\/en\/#website"},"datePublished":"2024-03-21T14:56:38+00:00","dateModified":"2024-08-20T17:50:36+00:00","breadcrumb":{"@id":"https:\/\/boulevardlexus.com\/en\/promotions\/car-detailing\/#breadcrumb"},"inLanguage":"en-CA","potentialAction":[{"@type":"ReadAction","target":["https:\/\/boulevardlexus.com\/en\/promotions\/car-detailing\/"]}]},{"@type":"BreadcrumbList","@id":"https:\/\/boulevardlexus.com\/en\/promotions\/car-detailing\/#breadcrumb","itemListElement":[{"@type":"ListItem","position":1,"name":"Home","item":"https:\/\/boulevardlexus.com\/en\/"},{"@type":"ListItem","position":2,"name":"Promotions","item":"https:\/\/boulevardlexus.com\/en\/promotions\/"},{"@type":"ListItem","position":3,"name":"Car Detailing"}]},{"@type":"WebSite","@id":"https:\/\/boulevardlexus.com\/en\/#website","url":"https:\/\/boulevardlexus.com\/en\/","name":"Boulevard Lexus","description":"Bienvenue chez Boulevard Lexus, le concessionnaire de v\u00e9hicules Lexus \u00e0 Qu\u00e9bec.","publisher":{"@id":"https:\/\/boulevardlexus.com\/en\/#organization"},"potentialAction":[{"@type":"SearchAction","target":{"@type":"EntryPoint","urlTemplate":"https:\/\/boulevardlexus.com\/en\/?s={search_term_string}"},"query-input":{"@type":"PropertyValueSpecification","valueRequired":true,"valueName":"search_term_string"}}],"inLanguage":"en-CA"},{"@type":"Organization","@id":"https:\/\/boulevardlexus.com\/en\/#organization","name":"Boulevard Lexus","url":"https:\/\/boulevardlexus.com\/en\/","logo":{"@type":"ImageObject","inLanguage":"en-CA","@id":"https:\/\/boulevardlexus.com\/en\/#\/schema\/logo\/image\/","url":"https:\/\/boulevardlexus.com\/app\/uploads\/2024\/04\/logo-certified-lexus-fr-1.png","contentUrl":"https:\/\/boulevardlexus.com\/app\/uploads\/2024\/04\/logo-certified-lexus-fr-1.png","width":1942,"height":218,"caption":"Boulevard Lexus"},"image":{"@id":"https:\/\/boulevardlexus.com\/en\/#\/schema\/logo\/image\/"},"sameAs":["https:\/\/www.facebook.com\/boulevardlexus"]}]}},"_links":{"self":[{"href":"https:\/\/boulevardlexus.com\/en\/wp-json\/wp\/v2\/pages\/6506","targetHints":{"allow":["GET"]}}],"collection":[{"href":"https:\/\/boulevardlexus.com\/en\/wp-json\/wp\/v2\/pages"}],"about":[{"href":"https:\/\/boulevardlexus.com\/en\/wp-json\/wp\/v2\/types\/page"}],"author":[{"embeddable":true,"href":"https:\/\/boulevardlexus.com\/en\/wp-json\/wp\/v2\/users\/1"}],"replies":[{"embeddable":true,"href":"https:\/\/boulevardlexus.com\/en\/wp-json\/wp\/v2\/comments?post=6506"}],"version-history":[{"count":0,"href":"https:\/\/boulevardlexus.com\/en\/wp-json\/wp\/v2\/pages\/6506\/revisions"}],"up":[{"embeddable":true,"href":"https:\/\/boulevardlexus.com\/en\/wp-json\/wp\/v2\/pages\/6495"}],"wp:attachment":[{"href":"https:\/\/boulevardlexus.com\/en\/wp-json\/wp\/v2\/media?parent=6506"}],"curies":[{"name":"wp","href":"https:\/\/api.w.org\/{rel}","templated":true}]}}