{"id":6493,"date":"2024-03-20T11:38:28","date_gmt":"2024-03-20T15:38:28","guid":{"rendered":"https:\/\/boulevardlexus.com\/pieces-et-accessoires\/"},"modified":"2024-05-01T16:59:03","modified_gmt":"2024-05-01T20:59:03","slug":"pieces-et-accessoires","status":"publish","type":"page","link":"https:\/\/boulevardlexus.com\/en\/pieces-et-accessoires\/","title":{"rendered":"Pi\u00e8ces et accessoires"},"content":{"rendered":"\n<section class=\"section\">\n\n  <div class=\"block block-breadcrumb\">\n      <div class=\"breadcrumb\">\n\n  \n    <p><!-- Breadcrumb NavXT 7.5.0 -->\n<span property=\"itemListElement\" typeof=\"ListItem\"><a property=\"item\" typeof=\"WebPage\" title=\"Go to Home.\" href=\"https:\/\/boulevardlexus.com\/en\/\" class=\"home\"><span property=\"name\">Accueil<\/span><\/a><meta property=\"position\" content=\"1\"><\/span><span class=\"separator\">\/<\/span><span property=\"itemListElement\" typeof=\"ListItem\"><a property=\"item\" typeof=\"WebPage\" title=\"Go to Blog.\" href=\"https:\/\/boulevardlexus.com\/en\/blog\/\" class=\"post-root post post-post\"><span property=\"name\">Blog<\/span><\/a><meta property=\"position\" content=\"2\"><\/span><\/p>\n\n  \n<\/div>  <\/div>\n\n<\/section>\n\n","protected":false},"excerpt":{"rendered":"","protected":false},"author":1,"featured_media":0,"parent":0,"menu_order":2,"comment_status":"closed","ping_status":"closed","template":"","meta":{"_acf_changed":false,"_relevanssi_hide_post":"","_relevanssi_hide_content":"","_relevanssi_pin_for_all":"","_relevanssi_pin_keywords":"","_relevanssi_unpin_keywords":"","_relevanssi_related_keywords":"","_relevanssi_related_include_ids":"","_relevanssi_related_exclude_ids":"","_relevanssi_related_no_append":"","_relevanssi_related_not_related":"","_relevanssi_related_posts":"","_relevanssi_noindex_reason":"","footnotes":""},"class_list":["post-6493","page","type-page","status-publish","hentry"],"acf":[],"yoast_head":"<!-- This site is optimized with the Yoast SEO plugin v24.5 - https:\/\/yoast.com\/wordpress\/plugins\/seo\/ -->\n<title>Pi\u00e8ces et accessoires - Boulevard Lexus<\/title>\n<meta name=\"robots\" content=\"index, follow, max-snippet:-1, max-image-preview:large, max-video-preview:-1\" \/>\n<link rel=\"canonical\" href=\"https:\/\/boulevardlexus.com\/en\/pieces-et-accessoires\/\" \/>\n<meta property=\"og:locale\" content=\"en_US\" \/>\n<meta property=\"og:type\" content=\"article\" \/>\n<meta property=\"og:title\" content=\"Pi\u00e8ces et accessoires - Boulevard Lexus\" \/>\n<meta property=\"og:url\" content=\"https:\/\/boulevardlexus.com\/en\/pieces-et-accessoires\/\" \/>\n<meta property=\"og:site_name\" content=\"Boulevard Lexus\" \/>\n<meta property=\"article:publisher\" content=\"https:\/\/www.facebook.com\/boulevardlexus\" \/>\n<meta property=\"article:modified_time\" content=\"2024-05-01T20:59:03+00:00\" \/>\n<meta property=\"og:image\" content=\"https:\/\/boulevardlexus.com\/app\/uploads\/2024\/08\/image-1.png\" \/>\n\t<meta property=\"og:image:width\" content=\"1200\" \/>\n\t<meta property=\"og:image:height\" content=\"630\" \/>\n\t<meta property=\"og:image:type\" content=\"image\/png\" \/>\n<meta name=\"twitter:card\" content=\"summary_large_image\" \/>\n<script type=\"application\/ld+json\" class=\"yoast-schema-graph\">{\"@context\":\"https:\/\/schema.org\",\"@graph\":[{\"@type\":\"WebPage\",\"@id\":\"https:\/\/boulevardlexus.com\/en\/pieces-et-accessoires\/\",\"url\":\"https:\/\/boulevardlexus.com\/en\/pieces-et-accessoires\/\",\"name\":\"Pi\u00e8ces et accessoires - Boulevard Lexus\",\"isPartOf\":{\"@id\":\"https:\/\/boulevardlexus.com\/en\/#website\"},\"datePublished\":\"2024-03-20T15:38:28+00:00\",\"dateModified\":\"2024-05-01T20:59:03+00:00\",\"breadcrumb\":{\"@id\":\"https:\/\/boulevardlexus.com\/en\/pieces-et-accessoires\/#breadcrumb\"},\"inLanguage\":\"en-CA\",\"potentialAction\":[{\"@type\":\"ReadAction\",\"target\":[\"https:\/\/boulevardlexus.com\/en\/pieces-et-accessoires\/\"]}]},{\"@type\":\"BreadcrumbList\",\"@id\":\"https:\/\/boulevardlexus.com\/en\/pieces-et-accessoires\/#breadcrumb\",\"itemListElement\":[{\"@type\":\"ListItem\",\"position\":1,\"name\":\"Home\",\"item\":\"https:\/\/boulevardlexus.com\/en\/\"},{\"@type\":\"ListItem\",\"position\":2,\"name\":\"Pi\u00e8ces et accessoires\"}]},{\"@type\":\"WebSite\",\"@id\":\"https:\/\/boulevardlexus.com\/en\/#website\",\"url\":\"https:\/\/boulevardlexus.com\/en\/\",\"name\":\"Boulevard Lexus\",\"description\":\"Bienvenue chez Boulevard Lexus, le concessionnaire de v\u00e9hicules Lexus \u00e0 Qu\u00e9bec.\",\"publisher\":{\"@id\":\"https:\/\/boulevardlexus.com\/en\/#organization\"},\"potentialAction\":[{\"@type\":\"SearchAction\",\"target\":{\"@type\":\"EntryPoint\",\"urlTemplate\":\"https:\/\/boulevardlexus.com\/en\/?s={search_term_string}\"},\"query-input\":{\"@type\":\"PropertyValueSpecification\",\"valueRequired\":true,\"valueName\":\"search_term_string\"}}],\"inLanguage\":\"en-CA\"},{\"@type\":\"Organization\",\"@id\":\"https:\/\/boulevardlexus.com\/en\/#organization\",\"name\":\"Boulevard Lexus\",\"url\":\"https:\/\/boulevardlexus.com\/en\/\",\"logo\":{\"@type\":\"ImageObject\",\"inLanguage\":\"en-CA\",\"@id\":\"https:\/\/boulevardlexus.com\/en\/#\/schema\/logo\/image\/\",\"url\":\"https:\/\/boulevardlexus.com\/app\/uploads\/2024\/04\/logo-certified-lexus-fr-1.png\",\"contentUrl\":\"https:\/\/boulevardlexus.com\/app\/uploads\/2024\/04\/logo-certified-lexus-fr-1.png\",\"width\":1942,\"height\":218,\"caption\":\"Boulevard Lexus\"},\"image\":{\"@id\":\"https:\/\/boulevardlexus.com\/en\/#\/schema\/logo\/image\/\"},\"sameAs\":[\"https:\/\/www.facebook.com\/boulevardlexus\"]}]}<\/script>\n<!-- \/ Yoast SEO plugin. -->","yoast_head_json":{"title":"Pi\u00e8ces et accessoires - Boulevard Lexus","robots":{"index":"index","follow":"follow","max-snippet":"max-snippet:-1","max-image-preview":"max-image-preview:large","max-video-preview":"max-video-preview:-1"},"canonical":"https:\/\/boulevardlexus.com\/en\/pieces-et-accessoires\/","og_locale":"en_US","og_type":"article","og_title":"Pi\u00e8ces et accessoires - Boulevard Lexus","og_url":"https:\/\/boulevardlexus.com\/en\/pieces-et-accessoires\/","og_site_name":"Boulevard Lexus","article_publisher":"https:\/\/www.facebook.com\/boulevardlexus","article_modified_time":"2024-05-01T20:59:03+00:00","og_image":[{"width":1200,"height":630,"url":"https:\/\/boulevardlexus.com\/app\/uploads\/2024\/08\/image-1.png","type":"image\/png"}],"twitter_card":"summary_large_image","schema":{"@context":"https:\/\/schema.org","@graph":[{"@type":"WebPage","@id":"https:\/\/boulevardlexus.com\/en\/pieces-et-accessoires\/","url":"https:\/\/boulevardlexus.com\/en\/pieces-et-accessoires\/","name":"Pi\u00e8ces et accessoires - Boulevard Lexus","isPartOf":{"@id":"https:\/\/boulevardlexus.com\/en\/#website"},"datePublished":"2024-03-20T15:38:28+00:00","dateModified":"2024-05-01T20:59:03+00:00","breadcrumb":{"@id":"https:\/\/boulevardlexus.com\/en\/pieces-et-accessoires\/#breadcrumb"},"inLanguage":"en-CA","potentialAction":[{"@type":"ReadAction","target":["https:\/\/boulevardlexus.com\/en\/pieces-et-accessoires\/"]}]},{"@type":"BreadcrumbList","@id":"https:\/\/boulevardlexus.com\/en\/pieces-et-accessoires\/#breadcrumb","itemListElement":[{"@type":"ListItem","position":1,"name":"Home","item":"https:\/\/boulevardlexus.com\/en\/"},{"@type":"ListItem","position":2,"name":"Pi\u00e8ces et accessoires"}]},{"@type":"WebSite","@id":"https:\/\/boulevardlexus.com\/en\/#website","url":"https:\/\/boulevardlexus.com\/en\/","name":"Boulevard Lexus","description":"Bienvenue chez Boulevard Lexus, le concessionnaire de v\u00e9hicules Lexus \u00e0 Qu\u00e9bec.","publisher":{"@id":"https:\/\/boulevardlexus.com\/en\/#organization"},"potentialAction":[{"@type":"SearchAction","target":{"@type":"EntryPoint","urlTemplate":"https:\/\/boulevardlexus.com\/en\/?s={search_term_string}"},"query-input":{"@type":"PropertyValueSpecification","valueRequired":true,"valueName":"search_term_string"}}],"inLanguage":"en-CA"},{"@type":"Organization","@id":"https:\/\/boulevardlexus.com\/en\/#organization","name":"Boulevard Lexus","url":"https:\/\/boulevardlexus.com\/en\/","logo":{"@type":"ImageObject","inLanguage":"en-CA","@id":"https:\/\/boulevardlexus.com\/en\/#\/schema\/logo\/image\/","url":"https:\/\/boulevardlexus.com\/app\/uploads\/2024\/04\/logo-certified-lexus-fr-1.png","contentUrl":"https:\/\/boulevardlexus.com\/app\/uploads\/2024\/04\/logo-certified-lexus-fr-1.png","width":1942,"height":218,"caption":"Boulevard Lexus"},"image":{"@id":"https:\/\/boulevardlexus.com\/en\/#\/schema\/logo\/image\/"},"sameAs":["https:\/\/www.facebook.com\/boulevardlexus"]}]}},"_links":{"self":[{"href":"https:\/\/boulevardlexus.com\/en\/wp-json\/wp\/v2\/pages\/6493","targetHints":{"allow":["GET"]}}],"collection":[{"href":"https:\/\/boulevardlexus.com\/en\/wp-json\/wp\/v2\/pages"}],"about":[{"href":"https:\/\/boulevardlexus.com\/en\/wp-json\/wp\/v2\/types\/page"}],"author":[{"embeddable":true,"href":"https:\/\/boulevardlexus.com\/en\/wp-json\/wp\/v2\/users\/1"}],"replies":[{"embeddable":true,"href":"https:\/\/boulevardlexus.com\/en\/wp-json\/wp\/v2\/comments?post=6493"}],"version-history":[{"count":0,"href":"https:\/\/boulevardlexus.com\/en\/wp-json\/wp\/v2\/pages\/6493\/revisions"}],"wp:attachment":[{"href":"https:\/\/boulevardlexus.com\/en\/wp-json\/wp\/v2\/media?parent=6493"}],"curies":[{"name":"wp","href":"https:\/\/api.w.org\/{rel}","templated":true}]}}